{"id":10,"date":"2025-01-28T14:21:43","date_gmt":"2025-01-28T14:21:43","guid":{"rendered":"https:\/\/jaktodelamemy.cz\/?page_id=10"},"modified":"2025-09-28T06:13:59","modified_gmt":"2025-09-28T06:13:59","slug":"o-nas","status":"publish","type":"page","link":"https:\/\/jaktodelamemy.cz\/?page_id=10","title":{"rendered":"O n\u00e1s"},"content":{"rendered":"<p>N\u00e1\u0161 hlavn\u00ed komunika\u010dn\u00ed kan\u00e1l je Instagram <a href=\"https:\/\/www.instagram.com\/jak_to_delame_my\" target=\"_new\" rel=\"noopener\">@jak_to_delame_my<\/a>, kde pravideln\u011b sd\u00edl\u00edme nov\u00e9 p\u0159\u00edsp\u011bvky, uk\u00e1zky pou\u017eit\u00ed a tipy. Sledujte n\u00e1s, a\u0165 v\u00e1m nic neunikne!<\/p>\n<p data-start=\"171\" data-end=\"368\">Spojuje n\u00e1s snaha <strong data-start=\"231\" data-end=\"381\">inspirovat ostatn\u00ed pedagogy, p\u0159ed\u00e1vat zku\u0161enosti a ukazovat, jak mohou technologie usnadnit vzd\u011bl\u00e1v\u00e1n\u00ed \u017e\u00e1k\u016f se speci\u00e1ln\u00edmi vzd\u011bl\u00e1vac\u00edmi pot\u0159ebami.<\/strong><\/p>\n<blockquote>\n<p data-start=\"370\" data-end=\"533\"><strong data-start=\"376\" data-end=\"385\">Sim\u010da<\/strong> je nad\u0161enou u\u017eivatelkou aplikace <strong data-start=\"419\" data-end=\"432\">InPrint 3<\/strong>, ve kter\u00e9 vytv\u00e1\u0159\u00ed p\u0159ehledn\u00e9 a srozumiteln\u00e9 materi\u00e1ly podporuj\u00edc\u00ed rozvoj komunikace, \u010dten\u00ed i psan\u00ed.<\/p>\n<\/blockquote>\n<blockquote>\n<p data-start=\"535\" data-end=\"722\"><strong data-start=\"541\" data-end=\"550\">Vojta<\/strong> se celou svou kari\u00e9ru v\u011bnuje <strong data-start=\"580\" data-end=\"611\">ICT ve speci\u00e1ln\u00ed pedagogice<\/strong>. Jeho v\u00e1\u0161n\u00ed jsou <strong data-start=\"629\" data-end=\"671\">iPady, 3D tisk a digit\u00e1ln\u00ed technologie<\/strong>, kter\u00e9 u\u010ditel\u016fm i \u017e\u00e1k\u016fm otev\u00edraj\u00ed nov\u00e9 mo\u017enosti.<\/p>\n<\/blockquote>\n<p data-start=\"724\" data-end=\"763\">Na webu <strong data-start=\"732\" data-end=\"752\">Jak to d\u011bl\u00e1me my<\/strong> najdete:<\/p>\n<ul data-start=\"764\" data-end=\"942\">\n<li data-start=\"764\" data-end=\"794\">\n<p data-start=\"766\" data-end=\"794\">materi\u00e1ly pro <strong data-start=\"780\" data-end=\"791\">3D tisk<\/strong>,<\/p>\n<\/li>\n<li data-start=\"795\" data-end=\"842\">\n<p data-start=\"797\" data-end=\"842\">pracovn\u00ed listy a pom\u016fcky pro <strong data-start=\"826\" data-end=\"839\">InPrint 3<\/strong>,<\/p>\n<\/li>\n<li data-start=\"843\" data-end=\"894\">\n<p data-start=\"845\" data-end=\"894\">inspiraci k vyu\u017eit\u00ed <strong data-start=\"865\" data-end=\"882\">iPad aplikac\u00ed<\/strong> ve v\u00fduce,<\/p>\n<\/li>\n<li data-start=\"895\" data-end=\"942\">\n<p data-start=\"897\" data-end=\"942\">n\u00e1pady na <strong data-start=\"907\" data-end=\"939\">digit\u00e1ln\u00ed pom\u016fcky a aktivity<\/strong>.<\/p>\n<\/li>\n<\/ul>\n<p data-start=\"944\" data-end=\"1076\">\ud83d\udcda Nab\u00edz\u00edme tak\u00e9 <strong data-start=\"961\" data-end=\"977\">DVPP \u0161kolen\u00ed<\/strong> pro pedagogy, kde sd\u00edl\u00edme praktick\u00e9 zku\u0161enosti, konkr\u00e9tn\u00ed postupy a uk\u00e1zky pr\u00e1ce se \u017e\u00e1ky se SVP.<\/p>\n<p data-start=\"1078\" data-end=\"1225\">\ud83c\udf1e Ka\u017edoro\u010dn\u011b organizujeme letn\u00ed vzd\u011bl\u00e1vac\u00ed akci <strong data-start=\"1127\" data-end=\"1142\">Digi Neptun<\/strong>, kde se setk\u00e1vaj\u00ed u\u010ditel\u00e9 z cel\u00e9 republiky, sd\u00edlej\u00ed n\u00e1pady a u\u010d\u00ed se nov\u00e9 metody.<\/p>\n<hr data-start=\"1227\" data-end=\"1230\" \/>\n<h3 data-start=\"1232\" data-end=\"1262\">Co o n\u00e1s \u0159\u00edkaj\u00ed kolegov\u00e9<\/h3>\n<p data-start=\"1264\" data-end=\"1281\">\ud83d\udda8\ufe0f <strong data-start=\"1268\" data-end=\"1279\">3D tisk<\/strong><\/p>\n<blockquote>\n<p data-start=\"1284\" data-end=\"1495\"><em data-start=\"1284\" data-end=\"1452\">\u201eD\u00edky workshopu o 3D tisku jsem kone\u010dn\u011b pochopila, jak jej vyu\u017e\u00edt i u d\u011bt\u00ed se speci\u00e1ln\u00edmi pot\u0159ebami. Nejv\u00edc m\u011b nadchlo, \u017ee si m\u016f\u017eeme sami vytisknout pom\u016fcky na m\u00edru.\u201c<\/em><br data-start=\"1452\" data-end=\"1455\" \/>\u2014 Mgr. Petra K., u\u010ditelka Z\u0160 speci\u00e1ln\u00ed<\/p>\n<\/blockquote>\n<p data-start=\"1499\" data-end=\"1647\">\n<blockquote>\n<p data-start=\"1499\" data-end=\"1647\"><em data-start=\"1499\" data-end=\"1608\">\u201ePraktick\u00e9 uk\u00e1zky 3D tisku n\u00e1m otev\u0159ely o\u010di. \u017d\u00e1ci si materi\u00e1ly r\u00e1di osahaj\u00ed a hned l\u00e9pe ch\u00e1pou nov\u00e9 pojmy.\u201c<\/em><br data-start=\"1608\" data-end=\"1611\" \/>\u2014 Mgr. Roman H., speci\u00e1ln\u00ed pedagog<\/p>\n<\/blockquote>\n<p data-start=\"1649\" data-end=\"1667\">\ud83d\udcdd <strong data-start=\"1652\" data-end=\"1665\">InPrint 3<\/strong><\/p>\n<blockquote>\n<p data-start=\"1670\" data-end=\"1840\"><em data-start=\"1670\" data-end=\"1801\">\u201eInPrint 3 je pro na\u0161i \u0161kolu obrovsk\u00e1 pomoc. D\u00edky Sim\u010di jsem se nau\u010dila rychle vytv\u00e1\u0159et materi\u00e1ly, kter\u00e9 \u017e\u00e1k\u016fm opravdu pom\u00e1haj\u00ed.\u201c<\/em><br data-start=\"1801\" data-end=\"1804\" \/>\u2014 Mgr. Lenka \u0160., speci\u00e1ln\u00ed pedagog<\/p>\n<\/blockquote>\n<p data-start=\"1844\" data-end=\"2025\">\n<blockquote>\n<p data-start=\"1844\" data-end=\"2025\"><em data-start=\"1844\" data-end=\"1993\">\u201eNejv\u00edc oce\u0148uji, \u017ee materi\u00e1ly z InPrintu jsou vizu\u00e1ln\u011b jasn\u00e9 a \u017e\u00e1ci s nimi pracuj\u00ed samostatn\u011b. V\u00fduka je efektivn\u011bj\u0161\u00ed a pro m\u011b m\u00e9n\u011b \u010dasov\u011b n\u00e1ro\u010dn\u00e1.\u201c<\/em><br data-start=\"1993\" data-end=\"1996\" \/>\u2014 Mgr. Andrea V., logopedka<\/p>\n<\/blockquote>\n<hr data-start=\"2027\" data-end=\"2030\" \/>\n<p data-start=\"2032\" data-end=\"2178\">\ud83d\udc49 <strong data-start=\"2035\" data-end=\"2176\">Na\u0161\u00edm c\u00edlem je usnadnit u\u010ditel\u016fm pr\u00e1ci, p\u0159in\u00e1\u0161et inspiraci a otev\u00edrat cestu k modern\u00edm technologi\u00edm i tam, kde by to mo\u017en\u00e1 nikdo ne\u010dekal.<\/strong><\/p>\n<p>&nbsp;<\/p>\n","protected":false},"excerpt":{"rendered":"<p>N\u00e1\u0161 hlavn\u00ed komunika\u010dn\u00ed kan\u00e1l je Instagram @jak_to_delame_my, kde pravideln\u011b sd\u00edl\u00edme nov\u00e9 p\u0159\u00edsp\u011bvky, uk\u00e1zky pou\u017eit\u00ed a tipy. Sledujte n\u00e1s, a\u0165 v\u00e1m nic neunikne! Spojuje n\u00e1s snaha inspirovat ostatn\u00ed pedagogy, p\u0159ed\u00e1vat zku\u0161enosti a ukazovat, jak mohou technologie usnadnit vzd\u011bl\u00e1v\u00e1n\u00ed \u017e\u00e1k\u016f se speci\u00e1ln\u00edmi vzd\u011bl\u00e1vac\u00edmi pot\u0159ebami. Sim\u010da je nad\u0161enou u\u017eivatelkou aplikace InPrint 3, ve kter\u00e9 vytv\u00e1\u0159\u00ed p\u0159ehledn\u00e9 a srozumiteln\u00e9 [&hellip;]<\/p>\n","protected":false},"author":1,"featured_media":0,"parent":0,"menu_order":0,"comment_status":"closed","ping_status":"closed","template":"","meta":{"footnotes":""},"class_list":["post-10","page","type-page","status-publish","hentry"],"_links":{"self":[{"href":"https:\/\/jaktodelamemy.cz\/index.php?rest_route=\/wp\/v2\/pages\/10","targetHints":{"allow":["GET"]}}],"collection":[{"href":"https:\/\/jaktodelamemy.cz\/index.php?rest_route=\/wp\/v2\/pages"}],"about":[{"href":"https:\/\/jaktodelamemy.cz\/index.php?rest_route=\/wp\/v2\/types\/page"}],"author":[{"embeddable":true,"href":"https:\/\/jaktodelamemy.cz\/index.php?rest_route=\/wp\/v2\/users\/1"}],"replies":[{"embeddable":true,"href":"https:\/\/jaktodelamemy.cz\/index.php?rest_route=%2Fwp%2Fv2%2Fcomments&post=10"}],"version-history":[{"count":17,"href":"https:\/\/jaktodelamemy.cz\/index.php?rest_route=\/wp\/v2\/pages\/10\/revisions"}],"predecessor-version":[{"id":1056,"href":"https:\/\/jaktodelamemy.cz\/index.php?rest_route=\/wp\/v2\/pages\/10\/revisions\/1056"}],"wp:attachment":[{"href":"https:\/\/jaktodelamemy.cz\/index.php?rest_route=%2Fwp%2Fv2%2Fmedia&parent=10"}],"curies":[{"name":"wp","href":"https:\/\/api.w.org\/{rel}","templated":true}]}}